{"id":1441,"date":"2026-04-02T14:03:36","date_gmt":"2026-04-02T14:03:36","guid":{"rendered":"https:\/\/swiftstop.eu\/?post_type=product&#038;p=1441"},"modified":"2026-04-08T09:55:08","modified_gmt":"2026-04-08T09:55:08","slug":"kratkodobe-parkovani-demmerkogel-kopie","status":"publish","type":"product","link":"https:\/\/swiftstop.eu\/cs\/produkt\/kratkodobe-parkovani-demmerkogel-kopie\/","title":{"rendered":"Kr\u00e1tkodob\u00e9 parkov\u00e1n\u00ed Bad V\u00f6slau"},"content":{"rendered":"","protected":false},"excerpt":{"rendered":"","protected":false},"featured_media":1265,"template":"","meta":[],"product_brand":[],"product_cat":[299],"product_tag":[],"class_list":{"0":"post-1441","1":"product","2":"type-product","3":"status-publish","4":"has-post-thumbnail","6":"product_cat-kratkodobe-parkovani","8":"first","9":"instock","10":"virtual","11":"sold-individually","12":"taxable","13":"purchasable","14":"product-type-simple"},"yoast_head":"<!-- This site is optimized with the Yoast SEO plugin v27.3 - https:\/\/yoast.com\/product\/yoast-seo-wordpress\/ -->\n<title>Kr\u00e1tkodob\u00e9 parkov\u00e1n\u00ed Bad V\u00f6slau - SwiftStop<\/title>\n<meta name=\"robots\" content=\"index, follow, max-snippet:-1, max-image-preview:large, max-video-preview:-1\" \/>\n<link rel=\"canonical\" href=\"https:\/\/swiftstop.eu\/cs\/produkt\/kratkodobe-parkovani-demmerkogel-kopie\/\" \/>\n<meta property=\"og:locale\" content=\"cs_CZ\" \/>\n<meta property=\"og:type\" content=\"article\" \/>\n<meta property=\"og:title\" content=\"Kr\u00e1tkodob\u00e9 parkov\u00e1n\u00ed Bad V\u00f6slau - SwiftStop\" \/>\n<meta property=\"og:url\" content=\"https:\/\/swiftstop.eu\/cs\/produkt\/kratkodobe-parkovani-demmerkogel-kopie\/\" \/>\n<meta property=\"og:site_name\" content=\"SwiftStop\" \/>\n<meta property=\"article:publisher\" content=\"https:\/\/www.facebook.com\/profile.php?id=61582387555156\" \/>\n<meta property=\"article:modified_time\" content=\"2026-04-08T09:55:08+00:00\" \/>\n<meta property=\"og:image\" content=\"https:\/\/swiftstop.eu\/wp-content\/uploads\/2025\/10\/parking-1.png\" \/>\n\t<meta property=\"og:image:width\" content=\"512\" \/>\n\t<meta property=\"og:image:height\" content=\"512\" \/>\n\t<meta property=\"og:image:type\" content=\"image\/png\" \/>\n<meta name=\"twitter:card\" content=\"summary_large_image\" \/>\n<script type=\"application\/ld+json\" class=\"yoast-schema-graph\">{\"@context\":\"https:\\\/\\\/schema.org\",\"@graph\":[{\"@type\":\"WebPage\",\"@id\":\"https:\\\/\\\/swiftstop.eu\\\/cs\\\/produkt\\\/kratkodobe-parkovani-demmerkogel-kopie\\\/\",\"url\":\"https:\\\/\\\/swiftstop.eu\\\/cs\\\/produkt\\\/kratkodobe-parkovani-demmerkogel-kopie\\\/\",\"name\":\"Kr\u00e1tkodob\u00e9 parkov\u00e1n\u00ed Bad V\u00f6slau - SwiftStop\",\"isPartOf\":{\"@id\":\"https:\\\/\\\/swiftstop.eu\\\/#website\"},\"primaryImageOfPage\":{\"@id\":\"https:\\\/\\\/swiftstop.eu\\\/cs\\\/produkt\\\/kratkodobe-parkovani-demmerkogel-kopie\\\/#primaryimage\"},\"image\":{\"@id\":\"https:\\\/\\\/swiftstop.eu\\\/cs\\\/produkt\\\/kratkodobe-parkovani-demmerkogel-kopie\\\/#primaryimage\"},\"thumbnailUrl\":\"https:\\\/\\\/swiftstop.eu\\\/wp-content\\\/uploads\\\/2025\\\/10\\\/parking-1.png\",\"datePublished\":\"2026-04-02T14:03:36+00:00\",\"dateModified\":\"2026-04-08T09:55:08+00:00\",\"breadcrumb\":{\"@id\":\"https:\\\/\\\/swiftstop.eu\\\/cs\\\/produkt\\\/kratkodobe-parkovani-demmerkogel-kopie\\\/#breadcrumb\"},\"inLanguage\":\"cs\",\"potentialAction\":[{\"@type\":\"ReadAction\",\"target\":[\"https:\\\/\\\/swiftstop.eu\\\/cs\\\/produkt\\\/kratkodobe-parkovani-demmerkogel-kopie\\\/\"]}]},{\"@type\":\"ImageObject\",\"inLanguage\":\"cs\",\"@id\":\"https:\\\/\\\/swiftstop.eu\\\/cs\\\/produkt\\\/kratkodobe-parkovani-demmerkogel-kopie\\\/#primaryimage\",\"url\":\"https:\\\/\\\/swiftstop.eu\\\/wp-content\\\/uploads\\\/2025\\\/10\\\/parking-1.png\",\"contentUrl\":\"https:\\\/\\\/swiftstop.eu\\\/wp-content\\\/uploads\\\/2025\\\/10\\\/parking-1.png\",\"width\":512,\"height\":512},{\"@type\":\"BreadcrumbList\",\"@id\":\"https:\\\/\\\/swiftstop.eu\\\/cs\\\/produkt\\\/kratkodobe-parkovani-demmerkogel-kopie\\\/#breadcrumb\",\"itemListElement\":[{\"@type\":\"ListItem\",\"position\":1,\"name\":\"Startseite\",\"item\":\"https:\\\/\\\/swiftstop.eu\\\/cs\\\/\"},{\"@type\":\"ListItem\",\"position\":2,\"name\":\"Swift Stops\",\"item\":\"https:\\\/\\\/swiftstop.eu\\\/cs\\\/swift-stops\\\/\"},{\"@type\":\"ListItem\",\"position\":3,\"name\":\"Kr\u00e1tkodob\u00e9 parkov\u00e1n\u00ed Bad V\u00f6slau\"}]},{\"@type\":\"WebSite\",\"@id\":\"https:\\\/\\\/swiftstop.eu\\\/#website\",\"url\":\"https:\\\/\\\/swiftstop.eu\\\/\",\"name\":\"Swift Stop\",\"description\":\"Camping leicht gemacht.\",\"publisher\":{\"@id\":\"https:\\\/\\\/swiftstop.eu\\\/#organization\"},\"potentialAction\":[{\"@type\":\"SearchAction\",\"target\":{\"@type\":\"EntryPoint\",\"urlTemplate\":\"https:\\\/\\\/swiftstop.eu\\\/?s={search_term_string}\"},\"query-input\":{\"@type\":\"PropertyValueSpecification\",\"valueRequired\":true,\"valueName\":\"search_term_string\"}}],\"inLanguage\":\"cs\"},{\"@type\":\"Organization\",\"@id\":\"https:\\\/\\\/swiftstop.eu\\\/#organization\",\"name\":\"Swift Stop\",\"url\":\"https:\\\/\\\/swiftstop.eu\\\/\",\"logo\":{\"@type\":\"ImageObject\",\"inLanguage\":\"cs\",\"@id\":\"https:\\\/\\\/swiftstop.eu\\\/#\\\/schema\\\/logo\\\/image\\\/\",\"url\":\"https:\\\/\\\/swiftstop.eu\\\/wp-content\\\/uploads\\\/2025\\\/10\\\/Swift_Stop.png\",\"contentUrl\":\"https:\\\/\\\/swiftstop.eu\\\/wp-content\\\/uploads\\\/2025\\\/10\\\/Swift_Stop.png\",\"width\":1002,\"height\":1000,\"caption\":\"Swift Stop\"},\"image\":{\"@id\":\"https:\\\/\\\/swiftstop.eu\\\/#\\\/schema\\\/logo\\\/image\\\/\"},\"sameAs\":[\"https:\\\/\\\/www.facebook.com\\\/profile.php?id=61582387555156\"]}]}<\/script>\n<!-- \/ Yoast SEO plugin. -->","yoast_head_json":{"title":"Kr\u00e1tkodob\u00e9 parkov\u00e1n\u00ed Bad V\u00f6slau - SwiftStop","robots":{"index":"index","follow":"follow","max-snippet":"max-snippet:-1","max-image-preview":"max-image-preview:large","max-video-preview":"max-video-preview:-1"},"canonical":"https:\/\/swiftstop.eu\/cs\/produkt\/kratkodobe-parkovani-demmerkogel-kopie\/","og_locale":"cs_CZ","og_type":"article","og_title":"Kr\u00e1tkodob\u00e9 parkov\u00e1n\u00ed Bad V\u00f6slau - SwiftStop","og_url":"https:\/\/swiftstop.eu\/cs\/produkt\/kratkodobe-parkovani-demmerkogel-kopie\/","og_site_name":"SwiftStop","article_publisher":"https:\/\/www.facebook.com\/profile.php?id=61582387555156","article_modified_time":"2026-04-08T09:55:08+00:00","og_image":[{"width":512,"height":512,"url":"https:\/\/swiftstop.eu\/wp-content\/uploads\/2025\/10\/parking-1.png","type":"image\/png"}],"twitter_card":"summary_large_image","schema":{"@context":"https:\/\/schema.org","@graph":[{"@type":"WebPage","@id":"https:\/\/swiftstop.eu\/cs\/produkt\/kratkodobe-parkovani-demmerkogel-kopie\/","url":"https:\/\/swiftstop.eu\/cs\/produkt\/kratkodobe-parkovani-demmerkogel-kopie\/","name":"Kr\u00e1tkodob\u00e9 parkov\u00e1n\u00ed Bad V\u00f6slau - SwiftStop","isPartOf":{"@id":"https:\/\/swiftstop.eu\/#website"},"primaryImageOfPage":{"@id":"https:\/\/swiftstop.eu\/cs\/produkt\/kratkodobe-parkovani-demmerkogel-kopie\/#primaryimage"},"image":{"@id":"https:\/\/swiftstop.eu\/cs\/produkt\/kratkodobe-parkovani-demmerkogel-kopie\/#primaryimage"},"thumbnailUrl":"https:\/\/swiftstop.eu\/wp-content\/uploads\/2025\/10\/parking-1.png","datePublished":"2026-04-02T14:03:36+00:00","dateModified":"2026-04-08T09:55:08+00:00","breadcrumb":{"@id":"https:\/\/swiftstop.eu\/cs\/produkt\/kratkodobe-parkovani-demmerkogel-kopie\/#breadcrumb"},"inLanguage":"cs","potentialAction":[{"@type":"ReadAction","target":["https:\/\/swiftstop.eu\/cs\/produkt\/kratkodobe-parkovani-demmerkogel-kopie\/"]}]},{"@type":"ImageObject","inLanguage":"cs","@id":"https:\/\/swiftstop.eu\/cs\/produkt\/kratkodobe-parkovani-demmerkogel-kopie\/#primaryimage","url":"https:\/\/swiftstop.eu\/wp-content\/uploads\/2025\/10\/parking-1.png","contentUrl":"https:\/\/swiftstop.eu\/wp-content\/uploads\/2025\/10\/parking-1.png","width":512,"height":512},{"@type":"BreadcrumbList","@id":"https:\/\/swiftstop.eu\/cs\/produkt\/kratkodobe-parkovani-demmerkogel-kopie\/#breadcrumb","itemListElement":[{"@type":"ListItem","position":1,"name":"Startseite","item":"https:\/\/swiftstop.eu\/cs\/"},{"@type":"ListItem","position":2,"name":"Swift Stops","item":"https:\/\/swiftstop.eu\/cs\/swift-stops\/"},{"@type":"ListItem","position":3,"name":"Kr\u00e1tkodob\u00e9 parkov\u00e1n\u00ed Bad V\u00f6slau"}]},{"@type":"WebSite","@id":"https:\/\/swiftstop.eu\/#website","url":"https:\/\/swiftstop.eu\/","name":"Swift Stop","description":"Camping leicht gemacht.","publisher":{"@id":"https:\/\/swiftstop.eu\/#organization"},"potentialAction":[{"@type":"SearchAction","target":{"@type":"EntryPoint","urlTemplate":"https:\/\/swiftstop.eu\/?s={search_term_string}"},"query-input":{"@type":"PropertyValueSpecification","valueRequired":true,"valueName":"search_term_string"}}],"inLanguage":"cs"},{"@type":"Organization","@id":"https:\/\/swiftstop.eu\/#organization","name":"Swift Stop","url":"https:\/\/swiftstop.eu\/","logo":{"@type":"ImageObject","inLanguage":"cs","@id":"https:\/\/swiftstop.eu\/#\/schema\/logo\/image\/","url":"https:\/\/swiftstop.eu\/wp-content\/uploads\/2025\/10\/Swift_Stop.png","contentUrl":"https:\/\/swiftstop.eu\/wp-content\/uploads\/2025\/10\/Swift_Stop.png","width":1002,"height":1000,"caption":"Swift Stop"},"image":{"@id":"https:\/\/swiftstop.eu\/#\/schema\/logo\/image\/"},"sameAs":["https:\/\/www.facebook.com\/profile.php?id=61582387555156"]}]}},"jetpack_sharing_enabled":true,"_links":{"self":[{"href":"https:\/\/swiftstop.eu\/cs\/wp-json\/wp\/v2\/product\/1441","targetHints":{"allow":["GET"]}}],"collection":[{"href":"https:\/\/swiftstop.eu\/cs\/wp-json\/wp\/v2\/product"}],"about":[{"href":"https:\/\/swiftstop.eu\/cs\/wp-json\/wp\/v2\/types\/product"}],"wp:featuredmedia":[{"embeddable":true,"href":"https:\/\/swiftstop.eu\/cs\/wp-json\/wp\/v2\/media\/1265"}],"wp:attachment":[{"href":"https:\/\/swiftstop.eu\/cs\/wp-json\/wp\/v2\/media?parent=1441"}],"wp:term":[{"taxonomy":"product_brand","embeddable":true,"href":"https:\/\/swiftstop.eu\/cs\/wp-json\/wp\/v2\/product_brand?post=1441"},{"taxonomy":"product_cat","embeddable":true,"href":"https:\/\/swiftstop.eu\/cs\/wp-json\/wp\/v2\/product_cat?post=1441"},{"taxonomy":"product_tag","embeddable":true,"href":"https:\/\/swiftstop.eu\/cs\/wp-json\/wp\/v2\/product_tag?post=1441"}],"curies":[{"name":"wp","href":"https:\/\/api.w.org\/{rel}","templated":true}]}}